{"id":2,"date":"2022-01-10T08:24:46","date_gmt":"2022-01-10T07:24:46","guid":{"rendered":"https:\/\/tsolife.org\/?page_id=2"},"modified":"2022-08-12T11:44:06","modified_gmt":"2022-08-12T09:44:06","slug":"page-d-exemple","status":"publish","type":"page","link":"https:\/\/tsolife.org\/en\/","title":{"rendered":"TSOlife.org, votre blog bien-\u00eatre, astuces et conseils"},"content":{"rendered":"<p><strong>Bienvenue sur notre Blog bien-\u00eatre et sant\u00e9 naturelle<\/strong><\/p>\n\n\n\n<p><br>Si vous \u00eates \u00e0 la recherche de conseils en mati\u00e8re de bien-\u00eatre, de sant\u00e9, de r\u00e9alisation de soi, d&rsquo;harmonie avec soi-m\u00eame et avec les autres, de d\u00e9veloppement personnel, .vous \u00eates au bon endroit ! Il existe plusieurs blogs sur la sant\u00e9 qui proposent des astuces et des conseils en la mati\u00e8re. TSOlife vous informe les produits naturels, les vitamines, les min\u00e9raux, les plantes, les <a href=\"https:\/\/tsolife.org\/en\/category\/acides-amines-1\/\">acides amin\u00e9s<\/a>, les compl\u00e9ments alimentaires, et toutes les techniques permettant un mieux-\u00eatre au quotidien. Si vous voulez en savoir plus sur chacun d&rsquo;eux, continuez \u00e0 lire ! J&rsquo;esp\u00e8re que vous les appr\u00e9cierez ! J&rsquo;esp\u00e8re qu&rsquo;ils vous donneront des id\u00e9es pour votre propre voyage vers le bien-\u00eatre !<\/p>\n\n\n\n<h2 class=\"wp-block-heading\">Pratiques de bien-\u00eatre et sant\u00e9 au naturel<\/h2>\n\n\n\n<p>Passionn\u00e9 par la m\u00e9decine chinoise, la naturopathie, les \u00e9nergies et tout ce qui touche au bien-\u00eatre, votre blogueur TSOlife vous partage ses astuces. Il travaille dans le domaine du bien-\u00eatre depuis 16 ans et adore cr\u00e9er des liens avec les gens et partager des informations sur le bien-\u00eatre. Lisez la suite pour en savoir plus sur ses exp\u00e9riences et sur ce qui rend son blog unique. Voici quelques-unes de ses ressources pr\u00e9f\u00e9r\u00e9es en mati\u00e8re de bien-\u00eatre. Vous trouverez ci-dessous quelques-uns de ses blogs pr\u00e9f\u00e9r\u00e9s. Nous esp\u00e9rons que vous les appr\u00e9cierez !<\/p>\n\n\n\n<p>TSOlife est l&rsquo;un des blogs les plus populaires sur les produits naturels et le <a href=\"https:\/\/www.alternativesante.fr\/politique-de-sante\/un-budget-bien-etre-pour-les-neo-zelandais\" target=\"_blank\" rel=\"noopener\">bien-\u00eatre<\/a>. L&rsquo;auteur est un d\u00e9fenseur des produits naturels, mais avant tout de la sant\u00e9 de ses lecteurs. Il faut faire ainsi faire appel \u00e0 toutes les techniques possibles, toutes les m\u00e9decines, et en premier lieu votre m\u00e9decin traitant. Votre blogueur pr\u00e9f\u00e9r\u00e9 pense qu&rsquo;une alimentation et un mode de vie \u00e9quilibr\u00e9s sont essentiels \u00e0 la sant\u00e9. S&rsquo;il n&rsquo;y a pas de peine \u00e0 se laisser aller \u00e0 quelques douceurs de la vie parfois, il est important de bien manger et de faire des choix sains. Vous pouvez \u00e9galement apprendre des astuces pour vous d\u00e9toxifier et cuisiner des plats d\u00e9licieux. Son blog compte plus de plus en d&rsquo;adeptes, alors consultez ses derniers articles.<\/p>\n\n\n\n<p>Si vous avez un blog, pourquoi ne pas prendre contact ? TSOlife.org propose une gamme \u00e9tonnante de produits naturels, dont ses c\u00e9l\u00e8bres livres de recettes. Vous pouvez \u00e9galement trouver des th\u00e9s \u00e0 feuilles libres et des produits de soins corporels, ainsi que des soins de la peau. Le site Web propose des astuces et des conseils utiles sur le sujet, il est donc facile de trouver des moyens de promouvoir les produits naturels. Il comprend \u00e9galement un tableau de bord facile \u00e0 suivre, avec un tableau de bord facile \u00e0 utiliser.<\/p>\n\n\n\n<figure class=\"wp-block-image size-large is-style-default\"><img loading=\"lazy\" decoding=\"async\" width=\"1024\" height=\"682\" src=\"https:\/\/tsolife.org\/wp-content\/uploads\/2022\/05\/trees-g2e44011fe_1280-1024x682.jpg\" alt=\"Tsolife, toutes les infos bien-etre et sant\u00e9 au naturel\" class=\"wp-image-44\" srcset=\"https:\/\/tsolife.org\/wp-content\/uploads\/2022\/05\/trees-g2e44011fe_1280-1024x682.jpg 1024w, https:\/\/tsolife.org\/wp-content\/uploads\/2022\/05\/trees-g2e44011fe_1280-300x200.jpg 300w, https:\/\/tsolife.org\/wp-content\/uploads\/2022\/05\/trees-g2e44011fe_1280-768x511.jpg 768w, https:\/\/tsolife.org\/wp-content\/uploads\/2022\/05\/trees-g2e44011fe_1280.jpg 1280w\" sizes=\"auto, (max-width: 1024px) 100vw, 1024px\" \/><\/figure>\n\n\n\n<p>Ce blog sur le bien-\u00eatre et les produits naturels, ax\u00e9 sur la sant\u00e9 holistique, vaut la peine d&rsquo;\u00eatre consult\u00e9. Votre serviteur est passionn\u00e9 par la vie holistique et d\u00e9fend plusieurs marques de produits de beaut\u00e9 biologiques. Son blog comprend \u00e9galement des astuces et des conseils sur l&rsquo;alimentation saine, les techniques de soins naturels de la peau et la digestion. Il y a plus de raisons que jamais de s&rsquo;abonner au blog sur le bien-\u00eatre et les produits naturels ! Vous pouvez m\u00eame obtenir le meilleur des deux mondes !<\/p>\n\n\n\n<p>Focus sur l&rsquo;<a href=\"https:\/\/tsolife.org\/en\/arginine\/\">arginie pour grandir<\/a>, sur l&rsquo;<a href=\"https:\/\/tsolife.org\/en\/ornithine\/\">ornithine<\/a>, sur la <a href=\"https:\/\/tsolife.org\/en\/glutamine\/\">glutamine<\/a>, le <a href=\"https:\/\/tsolife.org\/en\/tryptophane\/\">tryptophane pour la perte de poids<\/a><\/p>\n\n\n\n<h2 class=\"wp-block-heading\">La nature prend soin de nous<\/h2>\n\n\n\n<p>Si vous vous int\u00e9ressez \u00e0 la sant\u00e9, aux rem\u00e8des naturels et \u00e0 l&rsquo;alimentation biologique, le blog de bien-\u00eatre TSOlife est fait pour vous. Ce blog propose des articles utiles sur la sant\u00e9 naturelle. En plus des conseils de sant\u00e9, il propose \u00e9galement un guide de sant\u00e9 complet qui contient les \u00e9tapes pour un mode de vie plus sain. Le contenu de TSOlife couvre la plupart des sujets li\u00e9s \u00e0 la nature, y compris les rem\u00e8des maison, l&rsquo;alimentation biologique, et plus encore. Poursuivez votre lecture pour en savoir plus sur ce merveilleux blog.<\/p>\n\n\n\n<p>La sant\u00e9 et le bien-\u00eatre \u00e9tant des sujets importants de nos jours, il n&rsquo;est pas surprenant que les blogs sur la sant\u00e9 et le bien-\u00eatre gagnent en popularit\u00e9. Les gens \u00e9tant toujours \u00e0 l&rsquo;aff\u00fbt du prochain gadget, les blogs sur le bien-\u00eatre offrent des informations et de l&rsquo;inspiration pour mener une vie saine. Les sujets abord\u00e9s peuvent inclure la nutrition, la forme physique et m\u00eame la sant\u00e9 mentale et spirituelle. Les blogs sur la sant\u00e9 et le bien-\u00eatre pr\u00e9sentent de nombreux avantages, notamment une augmentation du nombre de lecteurs et une hausse des ventes.<\/p>\n\n\n\n<h2 class=\"wp-block-heading\">L&rsquo;art de vivre sainement<\/h2>\n\n\n\n<p><br>La nouvelle mati\u00e8re devrait \u00eatre enseign\u00e9e au niveau primaire s&rsquo;intitule \u00ab\u00a0L&rsquo;art de vivre sain et productif\u00a0\u00bb. Elle comprendrait non seulement l&rsquo;\u00e9ducation physique et la sant\u00e9, mais aussi l&rsquo;art et l&rsquo;exp\u00e9rience personnelle. Son nom implique que l&rsquo;art de vivre sain et productif est un aspect important de notre vie quotidienne. Son principal objectif est d&rsquo;\u00e9duquer les enfants sur l&rsquo;importance d&rsquo;une vie utile. En d&rsquo;autres termes, il faut leur apprendre \u00e0 aimer leur vie et \u00e0 la traiter avec respect.<\/p>\n\n\n\n<h2 class=\"wp-block-heading\">Une Vie d\u00e9licieuse<\/h2>\n\n\n\n<p>Que vous soyez \u00e0 la recherche de quelques recettes saines ou de plus d&rsquo;informations sur les compl\u00e9ments alimentaires et la beaut\u00e9 naturelle, TSOlife peut vous aider \u00e0 mener une vie saine. Les abonn\u00e9s peuvent recevoir des recettes et des conseils de sant\u00e9, ainsi que des nouvelles et des conseils d&rsquo;experts. <\/p>","protected":false},"excerpt":{"rendered":"<p>Bienvenue sur notre Blog bien-\u00eatre et sant\u00e9 naturelle Si vous \u00eates \u00e0 la recherche de conseils en mati\u00e8re de bien-\u00eatre, de sant\u00e9, de r\u00e9alisation de soi, d&rsquo;harmonie avec soi-m\u00eame et avec les autres, de d\u00e9veloppement personnel, .vous \u00eates au bon endroit ! Il existe plusieurs blogs sur la sant\u00e9 qui proposent des astuces et des [&hellip;]<\/p>\n","protected":false},"author":1,"featured_media":0,"parent":0,"menu_order":0,"comment_status":"closed","ping_status":"open","template":"","meta":{"footnotes":""},"class_list":["post-2","page","type-page","status-publish","hentry"],"_links":{"self":[{"href":"https:\/\/tsolife.org\/en\/wp-json\/wp\/v2\/pages\/2","targetHints":{"allow":["GET"]}}],"collection":[{"href":"https:\/\/tsolife.org\/en\/wp-json\/wp\/v2\/pages"}],"about":[{"href":"https:\/\/tsolife.org\/en\/wp-json\/wp\/v2\/types\/page"}],"author":[{"embeddable":true,"href":"https:\/\/tsolife.org\/en\/wp-json\/wp\/v2\/users\/1"}],"replies":[{"embeddable":true,"href":"https:\/\/tsolife.org\/en\/wp-json\/wp\/v2\/comments?post=2"}],"version-history":[{"count":11,"href":"https:\/\/tsolife.org\/en\/wp-json\/wp\/v2\/pages\/2\/revisions"}],"predecessor-version":[{"id":142,"href":"https:\/\/tsolife.org\/en\/wp-json\/wp\/v2\/pages\/2\/revisions\/142"}],"wp:attachment":[{"href":"https:\/\/tsolife.org\/en\/wp-json\/wp\/v2\/media?parent=2"}],"curies":[{"name":"wp","href":"https:\/\/api.w.org\/{rel}","templated":true}]}}