{"id":184,"date":"2024-08-05T19:28:30","date_gmt":"2024-08-05T17:28:30","guid":{"rendered":"https:\/\/tsolife.org\/?page_id=184"},"modified":"2024-08-05T19:28:59","modified_gmt":"2024-08-05T17:28:59","slug":"boswelia-serataanti-inflammatoire-naturel-et-gestion-des-douleurs","status":"publish","type":"page","link":"https:\/\/tsolife.org\/en\/boswelia-serataanti-inflammatoire-naturel-et-gestion-des-douleurs\/","title":{"rendered":"Boswelia Serata,anti inflammatoire naturel et gestion des douleurs"},"content":{"rendered":"<p>Le Boswelia serrata a \u00e9t\u00e9 \u00e9tudi\u00e9 pour son activit\u00e9 anti-inflammatoire. L&rsquo;inflammation est un processus normal qui se produit dans le corps pour combattre les infections, gu\u00e9rir les blessures et r\u00e9parer les tissus endommag\u00e9s. Cependant, une inflammation chronique peut conduire \u00e0 des maladies chroniques telles que l&rsquo;arthrite, qui se caract\u00e9rise par une inflammation des articulations. On pense que l&rsquo;inhibition des m\u00e9diateurs de l&rsquo;inflammation peut aider \u00e0 soulager les sympt\u00f4mes et \u00e0 am\u00e9liorer la sant\u00e9 globale.<\/p>\n\n\n\n<p>La recherche sur la plante a r\u00e9v\u00e9l\u00e9 que le Boswellia serrata a une activit\u00e9 anti-inflammatoire. Il r\u00e9duit l&rsquo;inflammation en inhibant une enzyme appel\u00e9e COX-2, qui est connue pour endommager la surface interne de l&rsquo;estomac. En outre, il est efficace pour traiter l&rsquo;arthrite, qui est une cause majeure de douleurs articulaires. Il est int\u00e9ressant de noter que l&rsquo;apparition de l&rsquo;arthrite varie selon les diff\u00e9rents types. La polyarthrite rhumato\u00efde est associ\u00e9e \u00e0 un manque de cartilage articulaire protecteur, et l&rsquo;\u00e9tat peut s&rsquo;aggraver avec le temps.<\/p>\n\n\n\n<p>Une nouvelle \u00e9tude a identifi\u00e9 le Boswellia serrata comme un agent anti-inflammatoire potentiel. L&rsquo;acide ac\u00e9tyl-11-c\u00e9to-b\u00eata-boswellique de la plante inhibe le rejet dans la m\u00eame mesure que des st\u00e9ro\u00efdes \u00e0 haute dose. En outre, il emp\u00eache l&rsquo;activation m\u00e9di\u00e9e par Fas et la surexpression des cytokines. Il en r\u00e9sulte une r\u00e9duction de l&rsquo;inflammation et de la douleur.<\/p>\n\n\n\n<figure class=\"wp-block-image size-full\"><img loading=\"lazy\" decoding=\"async\" width=\"960\" height=\"525\" src=\"https:\/\/tsolife.org\/wp-content\/uploads\/2024\/08\/Boswelia-serrata.jpg\" alt=\"\" class=\"wp-image-185\" srcset=\"https:\/\/tsolife.org\/wp-content\/uploads\/2024\/08\/Boswelia-serrata.jpg 960w, https:\/\/tsolife.org\/wp-content\/uploads\/2024\/08\/Boswelia-serrata-300x164.jpg 300w, https:\/\/tsolife.org\/wp-content\/uploads\/2024\/08\/Boswelia-serrata-768x420.jpg 768w, https:\/\/tsolife.org\/wp-content\/uploads\/2024\/08\/Boswelia-serrata-18x10.jpg 18w\" sizes=\"auto, (max-width: 960px) 100vw, 960px\" \/><\/figure>\n\n\n\n<p>Dans une \u00e9tude publi\u00e9e dans Indian J Pharm Sci, les chercheurs ont d\u00e9couvert que le boswellia serrata r\u00e9duit l&rsquo;inflammation chez les rats. La plante bloque la COX-2, qui est une enzyme pro-inflammatoire. L&rsquo;inflammation est \u00e9galement responsable de l&rsquo;inconfort caus\u00e9 par l&rsquo;arthrite. L&rsquo;inflammation des articulations peut entra\u00eener toute une s\u00e9rie d&rsquo;affections douloureuses, dont la polyarthrite rhumato\u00efde.<\/p>\n\n\n\n<p>L&rsquo;activit\u00e9 anti-inflammatoire du Boswellia serrata est la plus efficace pour r\u00e9duire l&rsquo;arthrose. Elle agit en inhibant l&rsquo;expression de la COX-2, une enzyme pro-inflammatoire. Cela r\u00e9duit l&rsquo;inflammation dans les articulations du corps. Il inhibe \u00e9galement l&rsquo;enzyme COX-2, qui entra\u00eene des douleurs articulaires. L&rsquo;inflammation est une caract\u00e9ristique de l&rsquo;arthrose. En outre, le boswellia serrata a montr\u00e9 une activit\u00e9 anti-inflammatoire dans des \u00e9tudes animales.<\/p>\n\n\n\n<p>Il a \u00e9t\u00e9 d\u00e9montr\u00e9 que le boswellia serrata diminue l&rsquo;inflammation chez les rats. Son activit\u00e9 anti-inflammatoire est le r\u00e9sultat de sa capacit\u00e9 \u00e0 bloquer la COX-2. Cette enzyme est impliqu\u00e9e dans plusieurs processus inflammatoires. De plus, elle peut causer des dommages \u00e0 l&rsquo;int\u00e9rieur de l&rsquo;estomac. Ainsi, il a \u00e9t\u00e9 prouv\u00e9 qu&rsquo;elle \u00e9tait efficace pour r\u00e9duire l&rsquo;inflammation dans de nombreuses pathologies, notamment l&rsquo;arthrose. Les extraits herbomin\u00e9raux de boswellia serrata sont utilis\u00e9s pour l&rsquo;arthrose.<\/p>\n\n\n\n<h2 class=\"wp-block-heading\">Plante pour les inflammations de l&rsquo;intestin<\/h2>\n\n\n\n<p>Le boswellia serrata a montr\u00e9 une activit\u00e9 anti-inflammatoire chez les souris. L&rsquo;extrait herbomin\u00e9ral de boswellia serrata est tr\u00e8s efficace pour r\u00e9duire l&rsquo;inflammation chez les souris. Il inhibe \u00e9galement l&rsquo;enzyme COX-2, qui est essentielle aux m\u00e9canismes pro-inflammatoires. Cette action s&rsquo;est av\u00e9r\u00e9e diminuer significativement le risque d&rsquo;arthrose en r\u00e9duisant l&rsquo;inflammation. Ses propri\u00e9t\u00e9s anti-inflammatoires sont tr\u00e8s b\u00e9n\u00e9fiques dans le traitement de diverses maladies, comme l&rsquo;arthrite.<\/p>\n\n\n\n<p>Diverses \u00e9tudes ont d\u00e9montr\u00e9 que le boswellia serrata a une activit\u00e9 anti-inflammatoire chez la souris. La plante est utilis\u00e9e depuis des si\u00e8cles pour traiter l&rsquo;asthme et l&rsquo;arthrose. Sa r\u00e9sine contient des acides amin\u00e9s, des ph\u00e9nols et des terp\u00e8nes, qui ont des activit\u00e9s anti-inflammatoires et immunomodulatrices. Cette plante est un traitement tr\u00e8s efficace pour diverses affections inflammatoires, y compris les sympt\u00f4mes de l&rsquo;arthrose.<\/p>\n\n\n\n<p>La plante boswellia serrata est un rem\u00e8de \u00e0 base de plantes bien connu pour l&rsquo;asthme et l&rsquo;arthrose. Elle est utilis\u00e9e depuis des si\u00e8cles pour ses propri\u00e9t\u00e9s anti-inflammatoires. Ses extraits sont riches en acides amin\u00e9s, en terp\u00e8nes et en acide b-boswellique. Ce traitement naturel est \u00e9galement efficace pour r\u00e9duire la douleur et le gonflement des articulations. Il est largement disponible en tant que m\u00e9dicament \u00e0 base de plantes.<\/p>\n\n\n\n<p>Le Boswellia serrata pr\u00e9sente de nombreux avantages. Il a \u00e9t\u00e9 signal\u00e9 comme \u00e9tant efficace pour combattre les sympt\u00f4mes inflammatoires dans une vari\u00e9t\u00e9 de probl\u00e8mes de sant\u00e9. Il s&rsquo;agit d&rsquo;un rem\u00e8de \u00e0 base de plantes utile pour les patients souffrant d&rsquo;arthrite. Il a \u00e9t\u00e9 prouv\u00e9 qu&rsquo;il est efficace pour r\u00e9duire la douleur, r\u00e9duire le taux de sucre dans le sang et am\u00e9liorer le fonctionnement mental et physique. En outre, le boswellia a peu d&rsquo;effets secondaires et est bien tol\u00e9r\u00e9.<\/p>\n\n\n\n<p>En plus d&rsquo;\u00eatre un traitement \u00e0 base de plantes efficace contre l&rsquo;arthrite, le boswellia serrata est \u00e9galement utilis\u00e9 pour traiter d&rsquo;autres maladies chroniques. Les propri\u00e9t\u00e9s anti-inflammatoires de la plante sont cens\u00e9es att\u00e9nuer les sympt\u00f4mes des affections inflammatoires, telles que l&rsquo;arthrose et la polyarthrite rhumato\u00efde. Par cons\u00e9quent, elle est utile pour traiter les maladies inflammatoires chroniques.<\/p>\n\n\n\n<p><\/p>","protected":false},"excerpt":{"rendered":"<p>Le Boswelia serrata a \u00e9t\u00e9 \u00e9tudi\u00e9 pour son activit\u00e9 anti-inflammatoire. L&rsquo;inflammation est un processus normal qui se produit dans le corps pour combattre les infections, gu\u00e9rir les blessures et r\u00e9parer les tissus endommag\u00e9s. Cependant, une inflammation chronique peut conduire \u00e0 des maladies chroniques telles que l&rsquo;arthrite, qui se caract\u00e9rise par une inflammation des articulations. On [&hellip;]<\/p>\n","protected":false},"author":1,"featured_media":0,"parent":0,"menu_order":0,"comment_status":"closed","ping_status":"closed","template":"","meta":{"footnotes":""},"class_list":["post-184","page","type-page","status-publish","hentry"],"_links":{"self":[{"href":"https:\/\/tsolife.org\/en\/wp-json\/wp\/v2\/pages\/184","targetHints":{"allow":["GET"]}}],"collection":[{"href":"https:\/\/tsolife.org\/en\/wp-json\/wp\/v2\/pages"}],"about":[{"href":"https:\/\/tsolife.org\/en\/wp-json\/wp\/v2\/types\/page"}],"author":[{"embeddable":true,"href":"https:\/\/tsolife.org\/en\/wp-json\/wp\/v2\/users\/1"}],"replies":[{"embeddable":true,"href":"https:\/\/tsolife.org\/en\/wp-json\/wp\/v2\/comments?post=184"}],"version-history":[{"count":1,"href":"https:\/\/tsolife.org\/en\/wp-json\/wp\/v2\/pages\/184\/revisions"}],"predecessor-version":[{"id":186,"href":"https:\/\/tsolife.org\/en\/wp-json\/wp\/v2\/pages\/184\/revisions\/186"}],"wp:attachment":[{"href":"https:\/\/tsolife.org\/en\/wp-json\/wp\/v2\/media?parent=184"}],"curies":[{"name":"wp","href":"https:\/\/api.w.org\/{rel}","templated":true}]}}